{"id":108,"date":"2017-03-01T15:06:27","date_gmt":"2017-03-01T15:06:27","guid":{"rendered":"https:\/\/blog.euronics.hu\/?page_id=108"},"modified":"2024-07-22T14:40:44","modified_gmt":"2024-07-22T13:40:44","slug":"ajandekotletek","status":"publish","type":"page","link":"https:\/\/euronics.hu\/blog\/ajandekotletek\/","title":{"rendered":"Aj\u00e1nd\u00e9k\u00f6tletek"},"content":{"rendered":"<div class=\"mp-row-fluid motopress-row mpce-dsbl-margin-left mpce-dsbl-margin-right\">\n<div class=\"mp-span12 motopress-clmn  mpce-dsbl-margin-left mpce-dsbl-margin-right\">\n<div class=\"motopress-ce-icon-obj motopress-ce-icon-shape-circle  motopress-ce-icon-size-large  motopress-ce-icon-align-center  mpce-dsbl-padding-left mpce-dsbl-padding-right mpce-dsbl-margin-top mpce-dsbl-margin-bottom\" style=\" min-height: 1.500000em; height: 1.500000em; min-width: 1.500000em; width: 1.500000em;\">\n<div style=\"background-color:rgb(18, 0, 255); border-color: transparent; min-height: 1.500000em; height: 1.500000em; min-width: 1.500000em; width: 1.500000em;\" class=\"motopress-ce-icon-bg\"><span class=\"fa fa-star motopress-ce-icon-preview\" style=\"color:rgb(255, 255, 0)\"><\/span><\/div>\n<\/div>\n<\/div>\n<\/div>\n<div class=\"mp-row-fluid motopress-row mpce-dsbl-margin-left mpce-dsbl-margin-right\">\n<div class=\"mp-span12 motopress-clmn  mpce-dsbl-margin-left mpce-dsbl-margin-right\">\n<div class=\"mp-row-fluid motopress-row mpce-dsbl-margin-left mpce-dsbl-margin-right\">\n<div class=\"mp-span12 motopress-clmn mpce-dsbl-margin-left mpce-dsbl-margin-right\">\n<div class=\"motopress-text-obj\">\n<h2 style=\"text-align: center;\"><span style=\"font-size: 42px; color: #3366ff;\">Ha nincs \u00f6tleted, mi seg\u00edt\u00fcnk!<\/span><\/h2>\n<\/div>\n<\/div>\n<\/div>\n<div class=\"mp-row-fluid motopress-row mpce-dsbl-margin-left mpce-dsbl-margin-right\">\n<div class=\"mp-span12 motopress-clmn mpce-dsbl-margin-left mpce-dsbl-margin-right\">\n<div class=\"motopress-posts_slider-obj mp-flexslider-obj flexslider\" data-post-type=\"post\" id=\"69d759fbb8efa\"><div class=\"motopress-flexslider\"><div class=\"viewport\" style=\"overflow: hidden;\"><ul class=\"slides\"><li><a class=\"motopress-slide-link\" href=\"https:\/\/euronics.hu\/blog\/tanevkezdes-hasznos-tippek-a-kollegiumba-alberletbe-koltozoknek\/\"><h3>Hasznos tippek a koll\u00e9giumba, alb\u00e9rletbe k\u00f6lt\u00f6z\u0151knek- Felk\u00e9sz\u00fcl\u00e9s az egyetemi \u00e9letre<\/h3><div class=\"layout-text-wrap mp-ce-align-left\"><div class=\"motopress-ps-description\"><img decoding=\"async\" src=\"https:\/\/euronics.hu\/blog\/wp-content\/uploads\/2023\/08\/Kollegium_kiemelt_blog-min-150x150.jpg\" alt=\"Fiatal l\u00e1nyok h\u00e1tizs\u00e1kkal a h\u00e1tukon, koll\u00e9giumba k\u00f6lt\u00f6znek\">Hamarosan \u00fajabb tan\u00e9v kezd\u0151dik van, az id\u00e9n k\u00f6zel sz\u00e1zezer di\u00e1k egy j\u00f3 r\u00e9sze az egyetemi l\u00e9t egyik nagy kih\u00edv\u00e1s\u00e1ra, a koll\u00e9giumi \u00e9letre k\u00e9sz\u00fcl, vagy \u00e9ppen alb\u00e9rletet keres. A k\u00f6lt?...<\/div><\/div><\/a><\/li><li><a class=\"motopress-slide-link\" href=\"https:\/\/euronics.hu\/blog\/igy-kerulhetjuk-el-hogy-problemat-okozzon-a-legkondink\/\"><h3>\u00cdgy ker\u00fclhetj\u00fck el, hogy probl\u00e9m\u00e1t okozzon a l\u00e9gkondink<\/h3><div class=\"layout-text-wrap mp-ce-align-left\"><div class=\"motopress-ps-description\"><img decoding=\"async\" src=\"https:\/\/euronics.hu\/blog\/wp-content\/uploads\/2022\/06\/Belteri-levego-2-bor\u00edt\u00f3-min1-150x150.jpg\" alt=\"Klimatiz\u00e1lt szoba, hideg leveg\u0151t f\u00faj a kl\u00edma\">B\u00e1r m\u00e1r kaptunk \u00edzel\u00edt\u0151t a k\u00e1nikul\u00e1b\u00f3l, a ny\u00e1r legmelegebb napjai m\u00e9g el\u0151tt\u00fcnk \u00e1llnak. Ezzel elrajtol az intenz\u00edv l\u00e9gkondihaszn\u00e1lati szezon is. Sokan nincsenek tiszt\u00e1ban azzal, hogy m...<\/div><\/div><\/a><\/li><li><a class=\"motopress-slide-link\" href=\"https:\/\/euronics.hu\/blog\/huto-tarolas\/\"><h3>5 tipp, hogy tov\u00e1bb maradjanak frissek az \u00e9teleink<\/h3><div class=\"layout-text-wrap mp-ce-align-left\"><div class=\"motopress-ps-description\"><img decoding=\"async\" src=\"https:\/\/euronics.hu\/blog\/wp-content\/uploads\/2019\/08\/shutterstock_1438688981-150x150.jpg\" alt=\"L\u00e1ny \u00e1ll a nyitott h\u0171t\u0151szekr\u00e9ny el\u0151tt \u00e9s nem tudja mit f\u0151zz\u00f6n\">Egy \u00e1tlagos magyar \u00e9vente 33 kg \u00e9lelmiszert dob a szem\u00e9tbe csak az\u00e9rt, mert t\u00fal sokat v\u00e1s\u00e1rolt egyes term\u00e9kekb\u0151l vagy nem megfelel\u0151en t\u00e1rolta azokat. Az \u00e9telek \u00e9s italok eltarthat\u00f3s\u00e1ga...<\/div><\/div><\/a><\/li><\/ul><\/div><\/div><p class=\"motopress-hide-script\"><script>jQuery(document).ready(function($) {var mpPostsSlider = $('.motopress-posts_slider-obj#69d759fbb8efa .motopress-flexslider');\r\n\t\t\t\t\t\tif (mpPostsSlider.data('flexslider')) {\r\n\t\t\t\t\t\t\tmpPostsSlider.flexslider('destroy');\r\n\t\t\t\t\t\t} if(!true) $('.motopress-posts_slider-obj.mp-flexslider-obj.flexslider#69d759fbb8efa').addClass('zero-margin');mpPostsSlider.flexslider({animation: 'fade',animationLoop: true,smoothHeight: false,slideshow: true,slideshowSpeed: 15000,maxItems: '3',controlNav: true,pauseOnHover: 'true',prevText: '',nextText: ''});});<\/script><\/p><\/div>\n<\/div>\n<\/div>\n<\/div>\n<\/div>\n","protected":false},"excerpt":{"rendered":"Egy \u00e1tlagos magyar \u00e9vente 33 kg \u00e9lelmiszert dob a szem\u00e9tbe csak az\u00e9rt, mert t\u00fal sokat v\u00e1s\u00e1rolt egyes term\u00e9kekb\u0151l vagy nem megfelel\u0151en t\u00e1rolta azokat. Az \u00e9telek \u00e9s italok eltarthat\u00f3s\u00e1ga szempontj\u00e1b\u00f3l k\u00e9ts\u00e9gk\u00edv\u00fcl a h\u0171t\u0151szekr\u00e9ny a legfontosabb konyhai eszk\u00f6z, azonban egy\u00e1ltal\u00e1n nem mindegy, mire \u00e9s hogyan haszn\u00e1ljuk a h\u00e1ztart\u00e1s tal\u00e1n legfontosabb g\u00e9p\u00e9t. Vajon Te is elk\u00f6veted a leggyakoribb [&hellip;]","protected":false},"author":5,"featured_media":0,"parent":0,"menu_order":0,"comment_status":"closed","ping_status":"closed","template":"","meta":{"footnotes":""},"class_list":["post-108","page","type-page","status-publish","hentry"],"_links":{"self":[{"href":"https:\/\/euronics.hu\/blog\/wp-json\/wp\/v2\/pages\/108","targetHints":{"allow":["GET"]}}],"collection":[{"href":"https:\/\/euronics.hu\/blog\/wp-json\/wp\/v2\/pages"}],"about":[{"href":"https:\/\/euronics.hu\/blog\/wp-json\/wp\/v2\/types\/page"}],"author":[{"embeddable":true,"href":"https:\/\/euronics.hu\/blog\/wp-json\/wp\/v2\/users\/5"}],"replies":[{"embeddable":true,"href":"https:\/\/euronics.hu\/blog\/wp-json\/wp\/v2\/comments?post=108"}],"version-history":[{"count":3,"href":"https:\/\/euronics.hu\/blog\/wp-json\/wp\/v2\/pages\/108\/revisions"}],"predecessor-version":[{"id":871,"href":"https:\/\/euronics.hu\/blog\/wp-json\/wp\/v2\/pages\/108\/revisions\/871"}],"wp:attachment":[{"href":"https:\/\/euronics.hu\/blog\/wp-json\/wp\/v2\/media?parent=108"}],"curies":[{"name":"wp","href":"https:\/\/api.w.org\/{rel}","templated":true}]}}